{"id":2272,"date":"2025-09-12T22:51:32","date_gmt":"2025-09-12T22:51:32","guid":{"rendered":"https:\/\/mirunoexpress.com\/?page_id=2272"},"modified":"2025-09-12T22:59:06","modified_gmt":"2025-09-12T22:59:06","slug":"terminos-y-condiciones-miruno","status":"publish","type":"page","link":"https:\/\/mirunoexpress.com\/home\/terminos-y-condiciones-miruno\/","title":{"rendered":"Terminos Y condiciones Miruno"},"content":{"rendered":"\t\t<div data-elementor-type=\"wp-page\" data-elementor-id=\"2272\" class=\"elementor elementor-2272\" data-elementor-post-type=\"page\">\n\t\t\t\t<div class=\"elementor-element elementor-element-d2d6ebd e-flex e-con-boxed wpr-particle-no wpr-jarallax-no wpr-parallax-no wpr-sticky-section-no e-con e-parent\" data-id=\"d2d6ebd\" data-element_type=\"container\">\n\t\t\t\t\t<div class=\"e-con-inner\">\n\t\t\t\t<div class=\"elementor-element elementor-element-44e8417 elementor-widget elementor-widget-text-editor\" data-id=\"44e8417\" data-element_type=\"widget\" data-widget_type=\"text-editor.default\">\n\t\t\t\t<div class=\"elementor-widget-container\">\n\t\t\t\t\t\t\t\t\t<h1 data-start=\"116\" data-end=\"166\">\ud83d\udcdc T\u00e9rminos y Condiciones \u2013 Restaurantes Miruno<\/h1>\n<p data-start=\"168\" data-end=\"337\">Bienvenido a <strong data-start=\"181\" data-end=\"191\">Miruno<\/strong>. Al hacer uso de nuestros servicios, reservas, promociones o participar en nuestras actividades, aceptas los siguientes t\u00e9rminos y condiciones:<\/p>\n<hr data-start=\"339\" data-end=\"342\">\n<h2 data-start=\"344\" data-end=\"370\">1. Reservas y consumo<\/h2>\n<ul data-start=\"371\" data-end=\"728\">\n<li data-start=\"371\" data-end=\"462\">\n<p data-start=\"373\" data-end=\"462\">Las reservas estar\u00e1n sujetas a disponibilidad y confirmaci\u00f3n por parte del restaurante.<\/p>\n<\/li>\n<li data-start=\"463\" data-end=\"541\">\n<p data-start=\"465\" data-end=\"541\">El tiempo m\u00e1ximo de espera para mantener una reserva es de <strong data-start=\"524\" data-end=\"538\">15 minutos<\/strong>.<\/p>\n<\/li>\n<li data-start=\"542\" data-end=\"598\">\n<p data-start=\"544\" data-end=\"598\">No se permite ingresar alimentos o bebidas externas.<\/p>\n<\/li>\n<li data-start=\"599\" data-end=\"728\">\n<p data-start=\"601\" data-end=\"728\">El consumo m\u00ednimo por persona podr\u00e1 ser exigido en fechas especiales (D\u00eda de la Madre, Amor y Amistad, Navidad, entre otros).<\/p>\n<\/li>\n<\/ul>\n<hr data-start=\"730\" data-end=\"733\">\n<h2 data-start=\"735\" data-end=\"767\">2. Promociones y descuentos<\/h2>\n<ul data-start=\"768\" data-end=\"1161\">\n<li data-start=\"768\" data-end=\"862\">\n<p data-start=\"770\" data-end=\"862\">Todas las promociones aplican \u00fanicamente en las fechas y horarios establecidos por Miruno.<\/p>\n<\/li>\n<li data-start=\"863\" data-end=\"958\">\n<p data-start=\"865\" data-end=\"958\">Las promociones no son acumulables con otros descuentos, salvo que se indique lo contrario.<\/p>\n<\/li>\n<li data-start=\"959\" data-end=\"1109\">\n<p data-start=\"961\" data-end=\"1109\">Para promociones especiales, aplica la condici\u00f3n de que cada promoci\u00f3n est\u00e1 sujeta al consumo completo de buffet por parte del adulto responsable.<\/p>\n<\/li>\n<li data-start=\"1110\" data-end=\"1161\">\n<p data-start=\"1112\" data-end=\"1161\">Promociones sujetas a cambios sin previo aviso.<\/p>\n<\/li>\n<\/ul>\n<hr data-start=\"1163\" data-end=\"1166\">\n<h2 data-start=\"1168\" data-end=\"1197\">3. Eventos y actividades<\/h2>\n<ul data-start=\"1198\" data-end=\"1502\">\n<li data-start=\"1198\" data-end=\"1340\">\n<p data-start=\"1200\" data-end=\"1340\">En todas las actividades realizadas en el restaurante, es obligatorio que los menores de edad est\u00e9n acompa\u00f1ados por un adulto responsable.<\/p>\n<\/li>\n<li data-start=\"1341\" data-end=\"1437\">\n<p data-start=\"1343\" data-end=\"1437\">Miruno no se hace responsable por objetos personales perdidos durante eventos o actividades.<\/p>\n<\/li>\n<li data-start=\"1438\" data-end=\"1502\">\n<p data-start=\"1440\" data-end=\"1502\">Algunas actividades requieren inscripci\u00f3n o registro previo.<\/p>\n<\/li>\n<\/ul>\n<hr data-start=\"1504\" data-end=\"1507\">\n<h2 data-start=\"1509\" data-end=\"1522\">4. Pagos<\/h2>\n<ul data-start=\"1523\" data-end=\"1841\">\n<li data-start=\"1523\" data-end=\"1610\">\n<p data-start=\"1525\" data-end=\"1610\">Aceptamos pagos en efectivo, tarjetas d\u00e9bito y cr\u00e9dito, y transferencias bancarias.<\/p>\n<\/li>\n<li data-start=\"1611\" data-end=\"1703\">\n<p data-start=\"1613\" data-end=\"1703\">Los precios est\u00e1n expresados en pesos colombianos (COP) e incluyen los impuestos de ley.<\/p>\n<\/li>\n<li data-start=\"1704\" data-end=\"1841\">\n<p data-start=\"1706\" data-end=\"1841\">No se realizan devoluciones de dinero; en caso de inconformidad, se ofrecer\u00e1 cambio de producto o nota de consumo, seg\u00fan corresponda.<\/p>\n<\/li>\n<\/ul>\n<hr data-start=\"1843\" data-end=\"1846\">\n<h2 data-start=\"1848\" data-end=\"1879\">5. Seguridad y convivencia<\/h2>\n<ul data-start=\"1880\" data-end=\"2145\">\n<li data-start=\"1880\" data-end=\"1982\">\n<p data-start=\"1882\" data-end=\"1982\">Nos reservamos el derecho de admisi\u00f3n y permanencia para garantizar un ambiente seguro y familiar.<\/p>\n<\/li>\n<li data-start=\"1983\" data-end=\"2059\">\n<p data-start=\"1985\" data-end=\"2059\">Est\u00e1 prohibido el consumo de sustancias ilegales dentro del restaurante.<\/p>\n<\/li>\n<li data-start=\"2060\" data-end=\"2145\">\n<p data-start=\"2062\" data-end=\"2145\">Cualquier da\u00f1o a las instalaciones deber\u00e1 ser asumido por la persona responsable.<\/p>\n<\/li>\n<\/ul>\n<hr data-start=\"2147\" data-end=\"2150\">\n<h2 data-start=\"2152\" data-end=\"2197\">6. Cambios en los t\u00e9rminos y condiciones<\/h2>\n<p data-start=\"2198\" data-end=\"2363\">Miruno se reserva el derecho de modificar estos t\u00e9rminos y condiciones en cualquier momento. Los cambios ser\u00e1n publicados en los canales oficiales del restaurante.<\/p>\t\t\t\t\t\t\t\t<\/div>\n\t\t\t\t<\/div>\n\t\t\t\t\t<\/div>\n\t\t\t\t<\/div>\n\t\t\t\t<\/div>\n\t\t","protected":false},"excerpt":{"rendered":"<p>\ud83d\udcdc T\u00e9rminos y Condiciones \u2013 Restaurantes Miruno Bienvenido a Miruno. Al hacer uso de nuestros servicios, reservas, promociones o participar en nuestras actividades, aceptas los siguientes t\u00e9rminos y condiciones: 1. Reservas y consumo Las reservas estar\u00e1n sujetas a disponibilidad y confirmaci\u00f3n por parte del restaurante. El tiempo m\u00e1ximo de espera&#8230; <\/p>\n<div class=\"readmore\"><a href=\"https:\/\/mirunoexpress.com\/home\/terminos-y-condiciones-miruno\/\" class=\"btn-link\">Read more<\/a><\/div>\n","protected":false},"author":1,"featured_media":0,"parent":0,"menu_order":0,"comment_status":"closed","ping_status":"closed","template":"elementor_header_footer","meta":{"_acf_changed":false,"footnotes":""},"class_list":["post-2272","page","type-page","status-publish","hentry"],"acf":[],"_links":{"self":[{"href":"https:\/\/mirunoexpress.com\/home\/wp-json\/wp\/v2\/pages\/2272","targetHints":{"allow":["GET"]}}],"collection":[{"href":"https:\/\/mirunoexpress.com\/home\/wp-json\/wp\/v2\/pages"}],"about":[{"href":"https:\/\/mirunoexpress.com\/home\/wp-json\/wp\/v2\/types\/page"}],"author":[{"embeddable":true,"href":"https:\/\/mirunoexpress.com\/home\/wp-json\/wp\/v2\/users\/1"}],"replies":[{"embeddable":true,"href":"https:\/\/mirunoexpress.com\/home\/wp-json\/wp\/v2\/comments?post=2272"}],"version-history":[{"count":8,"href":"https:\/\/mirunoexpress.com\/home\/wp-json\/wp\/v2\/pages\/2272\/revisions"}],"predecessor-version":[{"id":2287,"href":"https:\/\/mirunoexpress.com\/home\/wp-json\/wp\/v2\/pages\/2272\/revisions\/2287"}],"wp:attachment":[{"href":"https:\/\/mirunoexpress.com\/home\/wp-json\/wp\/v2\/media?parent=2272"}],"curies":[{"name":"wp","href":"https:\/\/api.w.org\/{rel}","templated":true}]}}